{"id":21,"date":"2021-04-27T10:29:35","date_gmt":"2021-04-27T13:29:35","guid":{"rendered":"http:\/\/hidrochama.com.br\/?page_id=21"},"modified":"2024-11-11T16:45:03","modified_gmt":"2024-11-11T19:45:03","slug":"servicos","status":"publish","type":"page","link":"https:\/\/hidrochama.com.br\/?page_id=21","title":{"rendered":"Servi\u00e7os"},"content":{"rendered":"\n<div class=\"wp-block-columns is-layout-flex wp-container-core-columns-is-layout-1 wp-block-columns-is-layout-flex\">\n<div class=\"wp-block-column is-layout-flow wp-block-column-is-layout-flow\" style=\"flex-basis:15%\"><\/div>\n\n\n\n<div class=\"wp-block-column is-layout-flow wp-block-column-is-layout-flow\" style=\"flex-basis:70%\">\n<h2 class=\"wp-block-heading has-text-align-center has-text-color has-link-color has-medium-font-size wp-elements-2c28c97d16e5e1f831aec80d94bbae8f\" style=\"color:#1d4864\"><strong>Aqui voc\u00ea encontra alguns dos servi\u00e7os oferecidos pela Hidrochama, entre em contato e faca um or\u00e7amento com a gente.<\/strong><\/h2>\n<\/div>\n\n\n\n<div class=\"wp-block-column is-layout-flow wp-block-column-is-layout-flow\" style=\"flex-basis:15%\"><\/div>\n<\/div>\n\n\n\n<div style=\"height:100px\" aria-hidden=\"true\" class=\"wp-block-spacer\"><\/div>\n\n\n\n<div class=\"wp-block-media-text is-stacked-on-mobile\" style=\"grid-template-columns:40% auto\"><figure class=\"wp-block-media-text__media\"><img loading=\"lazy\" decoding=\"async\" width=\"740\" height=\"493\" src=\"https:\/\/hidrochama.com.br\/wp-content\/uploads\/2024\/11\/recarga.png\" alt=\"\" class=\"wp-image-607 size-full\" srcset=\"https:\/\/hidrochama.com.br\/wp-content\/uploads\/2024\/11\/recarga.png 740w, https:\/\/hidrochama.com.br\/wp-content\/uploads\/2024\/11\/recarga-300x200.png 300w\" sizes=\"(max-width: 740px) 100vw, 740px\" \/><\/figure><div class=\"wp-block-media-text__content\">\n<p><strong>Recarga, Manuten\u00e7\u00e3o e Inspe\u00e7\u00e3o em Extintores de Inc\u00eandio<\/strong><br><br><em>A recarga de extintores \u00e9 uma medida essencial para garantir que o equipamento esteja apto para uso, em caso de emerg\u00eancias. N\u00e3o \u00e9 \u00e0 toa que faz parte das etapas de manuten\u00e7\u00e3o de sistemas de inc\u00eandio, dispostas na legisla\u00e7\u00e3o brasileira.&nbsp;<\/em><\/p>\n\n\n\n<p><em>Os extintores de inc\u00eandio s\u00e3o equipamentos de preven\u00e7\u00e3o e combate \u00e0s chamas, obrigat\u00f3rios em condom\u00ednios, empresas, com\u00e9rcios, entre outros locais onde h\u00e1 grande circula\u00e7\u00e3o de pessoas.&nbsp;<\/em><\/p>\n\n\n\n<p><em>Al\u00e9m de ter esse dispositivo, \u00e9 importante assegurar que ele funcione muito bem, atrav\u00e9s da realiza\u00e7\u00e3o do teste hidrost\u00e1tico e recarga de extintores.&nbsp;<\/em><\/p>\n<\/div><\/div>\n\n\n\n<div style=\"height:50px\" aria-hidden=\"true\" class=\"wp-block-spacer\"><\/div>\n\n\n\n<div class=\"wp-block-media-text has-media-on-the-right is-stacked-on-mobile\" style=\"grid-template-columns:auto 40%\"><div class=\"wp-block-media-text__content\">\n<p><strong>Teste Hidrost\u00e1tico em Mangueiras de Inc\u00eandio<\/strong><br><br><em>\u00c9 um ensaio obrigat\u00f3rio, que deve ser realizado anualmente em &nbsp;hidrantes e outras estruturas de combate ao fogo.<\/em><\/p>\n\n\n\n<p><em>\u00c9 importante saber que o&nbsp;teste hidrost\u00e1tico em mangueiras de inc\u00eandio&nbsp;deve ser feito mesmo em equipamentos que nunca foram usados, porque atrav\u00e9s dele ser\u00e1 poss\u00edvel identificar e avaliar:<\/em><\/p>\n\n\n\n<ul class=\"wp-block-list\">\n<li><em>vazamentos<\/em>;<\/li>\n\n\n\n<li><em>desgaste natural da mangueira;<\/em><\/li>\n\n\n\n<li><em>abras\u00e3o no revestimento;<\/em><\/li>\n\n\n\n<li><em>falhas no funcionamento.<\/em><\/li>\n<\/ul>\n\n\n\n<p><em>Uma das vantagens do&nbsp;teste hidrost\u00e1tico em mangueiras de inc\u00eandio&nbsp;\u00e9 que ele pode ser realizado nas depend\u00eancias onde o equipamento est\u00e1 instalado, sem a necessidade de retirada da mangueira para o teste em laborat\u00f3rio de ensaio.<\/em><\/p>\n<\/div><figure class=\"wp-block-media-text__media\"><img loading=\"lazy\" decoding=\"async\" width=\"1024\" height=\"520\" src=\"https:\/\/hidrochama.com.br\/wp-content\/uploads\/2024\/11\/teste_mang.png\" alt=\"\" class=\"wp-image-611 size-full\" srcset=\"https:\/\/hidrochama.com.br\/wp-content\/uploads\/2024\/11\/teste_mang.png 1024w, https:\/\/hidrochama.com.br\/wp-content\/uploads\/2024\/11\/teste_mang-300x152.png 300w, https:\/\/hidrochama.com.br\/wp-content\/uploads\/2024\/11\/teste_mang-768x390.png 768w\" sizes=\"(max-width: 1024px) 100vw, 1024px\" \/><\/figure><\/div>\n\n\n\n<div style=\"height:50px\" aria-hidden=\"true\" class=\"wp-block-spacer\"><\/div>\n\n\n\n<div class=\"wp-block-media-text is-stacked-on-mobile\" style=\"grid-template-columns:40% auto\"><figure class=\"wp-block-media-text__media\"><img loading=\"lazy\" decoding=\"async\" width=\"1024\" height=\"768\" src=\"https:\/\/hidrochama.com.br\/wp-content\/uploads\/2024\/11\/sistema-contra-incendio-1024x768.jpg\" alt=\"\" class=\"wp-image-625 size-full\" srcset=\"https:\/\/hidrochama.com.br\/wp-content\/uploads\/2024\/11\/sistema-contra-incendio-1024x768.jpg 1024w, https:\/\/hidrochama.com.br\/wp-content\/uploads\/2024\/11\/sistema-contra-incendio-300x225.jpg 300w, https:\/\/hidrochama.com.br\/wp-content\/uploads\/2024\/11\/sistema-contra-incendio-768x576.jpg 768w, https:\/\/hidrochama.com.br\/wp-content\/uploads\/2024\/11\/sistema-contra-incendio-1536x1152.jpg 1536w, https:\/\/hidrochama.com.br\/wp-content\/uploads\/2024\/11\/sistema-contra-incendio.jpg 1632w\" sizes=\"(max-width: 1024px) 100vw, 1024px\" \/><\/figure><div class=\"wp-block-media-text__content\">\n<p><strong>Instala\u00e7\u00e3o e Manuten\u00e7\u00e3o em Sistema de Inc\u00eandio<\/strong><br><br><em>Sistemas fixos de combate a inc\u00eandio s\u00e3o equipamentos para extin\u00e7\u00e3o de inc\u00eandio que se encontram instalados em edifica\u00e7\u00f5es industriais, comerciais e residenciais.<\/em><\/p>\n\n\n\n<p><em>A principal fun\u00e7\u00e3o \u00e9&nbsp;garantir a seguran\u00e7a das pessoas e das instala\u00e7\u00f5es, pois oferecem recursos para a\u00e7\u00f5es r\u00e1pidas, auxiliando na redu\u00e7\u00e3o de danos que um inc\u00eandio pode causar.<\/em><\/p>\n\n\n\n<p><em>S\u00e3o equipamentos fixos como&nbsp;mangotinhos, hidrantes, sprinklers&nbsp;at\u00e9 sistemas mais sofisticados que utilizam&nbsp;gases&nbsp;extintores&nbsp;no combate, como veremos a seguir.<\/em><\/p>\n<\/div><\/div>\n\n\n\n<div style=\"height:50px\" aria-hidden=\"true\" class=\"wp-block-spacer\"><\/div>\n\n\n\n<div class=\"wp-block-media-text has-media-on-the-right is-stacked-on-mobile\" style=\"grid-template-columns:auto 40%\"><div class=\"wp-block-media-text__content\">\n<p><strong>Instala\u00e7\u00e3o e Manuten\u00e7\u00e3o em Para-raios<\/strong><br><br><em>Para-raios&nbsp;s\u00e3o hastes&nbsp; met\u00e1licas pontiagudas feitas de cobre, alum\u00ednio ou a\u00e7o. Costumam ser posicionados em lugares elevados, como no alto dos edif\u00edcios, a fim de proteger-lhes dos poss\u00edveis danos causados por raios.<\/em><\/p>\n\n\n\n<p><em>Os para-raios s\u00e3o conectados \u00e0 Terra por fios condutores, que oferecem um caminho de baixa resist\u00eancia para as&nbsp;descargas el\u00e9tricas atmosf\u00e9ricas. O objetivo do para-raios, entretanto, n\u00e3o \u00e9 o de atrair os raios para si, mas o de oferecer um caminho pelo qual eles possam atravessar, de modo a produzir a menor quantidade de danos poss\u00edvel.<\/em><\/p>\n<\/div><figure class=\"wp-block-media-text__media\"><img loading=\"lazy\" decoding=\"async\" width=\"750\" height=\"462\" src=\"https:\/\/hidrochama.com.br\/wp-content\/uploads\/2024\/11\/pararaio2.jpg\" alt=\"\" class=\"wp-image-631 size-full\" srcset=\"https:\/\/hidrochama.com.br\/wp-content\/uploads\/2024\/11\/pararaio2.jpg 750w, https:\/\/hidrochama.com.br\/wp-content\/uploads\/2024\/11\/pararaio2-300x185.jpg 300w\" sizes=\"(max-width: 750px) 100vw, 750px\" \/><\/figure><\/div>\n\n\n\n<div style=\"height:50px\" aria-hidden=\"true\" class=\"wp-block-spacer\"><\/div>\n\n\n\n<div class=\"wp-block-media-text is-stacked-on-mobile\" style=\"grid-template-columns:40% auto\"><figure class=\"wp-block-media-text__media\"><img loading=\"lazy\" decoding=\"async\" width=\"1024\" height=\"683\" src=\"https:\/\/hidrochama.com.br\/wp-content\/uploads\/2024\/11\/projeto-1024x683.jpg\" alt=\"\" class=\"wp-image-641 size-full\" srcset=\"https:\/\/hidrochama.com.br\/wp-content\/uploads\/2024\/11\/projeto-1024x683.jpg 1024w, https:\/\/hidrochama.com.br\/wp-content\/uploads\/2024\/11\/projeto-300x200.jpg 300w, https:\/\/hidrochama.com.br\/wp-content\/uploads\/2024\/11\/projeto-768x512.jpg 768w, https:\/\/hidrochama.com.br\/wp-content\/uploads\/2024\/11\/projeto-1536x1024.jpg 1536w, https:\/\/hidrochama.com.br\/wp-content\/uploads\/2024\/11\/projeto-2048x1365.jpg 2048w\" sizes=\"(max-width: 1024px) 100vw, 1024px\" \/><\/figure><div class=\"wp-block-media-text__content\">\n<p><strong>Elabora\u00e7\u00e3o de Projetos de Combate a Inc\u00eandio e P\u00e2nico<\/strong><br><br><em>Um projeto de combate a inc\u00eandio (PCI) \u00e9 um&nbsp;conjunto de documentos e desenhos t\u00e9cnicos que detalham as medidas para prevenir e combater inc\u00eandios em uma edifica\u00e7\u00e3o.&nbsp;O objetivo \u00e9 garantir a seguran\u00e7a das pessoas e da estrutura do edif\u00edcio.&nbsp;<\/em><\/p>\n\n\n\n<p><em>O projeto de combate a inc\u00eandio deve incluir:<\/em><\/p>\n\n\n\n<ul class=\"wp-block-list\">\n<li><em>Sistemas de detec\u00e7\u00e3o e alarme de inc\u00eandio<\/em>;<\/li>\n\n\n\n<li><em>Extintores de inc\u00eandio<\/em>;<\/li>\n\n\n\n<li><em>Hidrantes e mangotinhos<\/em>;<\/li>\n\n\n\n<li><em>Ilumina\u00e7\u00e3o de emerg\u00eancia<\/em>;<\/li>\n\n\n\n<li><em>Sinaliza\u00e7\u00e3o de seguran\u00e7a<\/em>;<\/li>\n\n\n\n<li><em>Sa\u00eddas de emerg\u00eancia acess\u00edveis e bem sinalizadas<\/em>;<\/li>\n\n\n\n<li><em>Plano emergencial<\/em>;<\/li>\n\n\n\n<li><em>Memoriais descritivos e de c\u00e1lculos<\/em>.&nbsp;<\/li>\n<\/ul>\n<\/div><\/div>\n\n\n\n<div style=\"height:50px\" aria-hidden=\"true\" class=\"wp-block-spacer\"><\/div>\n\n\n\n<div class=\"wp-block-media-text has-media-on-the-right is-stacked-on-mobile\" style=\"grid-template-columns:auto 40%\"><div class=\"wp-block-media-text__content\">\n<p><strong>Alarmes de Inc\u00eandio e Detectores de Fuma\u00e7a<br><\/strong><br><em>O sistema de detec\u00e7\u00e3o e alarme de inc\u00eandio, quando instalado de acordo com as normas, \u00e9 a maneira mais eficaz de alertar os ocupantes do edif\u00edcio que existe um problema e o local deve ser evacuado.<\/em><\/p>\n\n\n\n<p><em>Al\u00e9m disso, permite uma r\u00e1pida a\u00e7\u00e3o por parte da brigada, a fim de, controlar o inc\u00eandio. Evitando dessa maneira, maiores danos materiais ou at\u00e9 mesmo a perda de vidas humanas.<\/em><\/p>\n\n\n\n<p><em>Para que essa a\u00e7\u00e3o seja r\u00e1pida, a norma exige que a central de inc\u00eandio deve ficar em local com constante vigil\u00e2ncia, como as portarias de edif\u00edcios e salas de seguran\u00e7a por exemplo. Al\u00e9m disso, as sirenes devem ser claramente aud\u00edveis por toda a edifica\u00e7\u00e3o.<\/em><\/p>\n\n\n\n<p><em>Para garantir o funcionamento constante da central, a mesma deve ter duas fontes de alimenta\u00e7\u00e3o de energia. A primeira \u00e9 a pr\u00f3pria fonte de energia da edifica\u00e7\u00e3o. A segunda, auxiliar, \u00e9 composta por baterias,&nbsp;nobreaks&nbsp;ou geradores. Em caso de queda de energia a fonte auxiliar deve ter autonomia m\u00ednima de 24 horas em regime de supervis\u00e3o e de 15 minutos em regime de acionamento (alarmes disparados).<\/em><\/p>\n<\/div><figure class=\"wp-block-media-text__media\"><img loading=\"lazy\" decoding=\"async\" width=\"1024\" height=\"538\" src=\"https:\/\/hidrochama.com.br\/wp-content\/uploads\/2024\/11\/detec_incendio-1024x538.png\" alt=\"\" class=\"wp-image-645 size-full\" srcset=\"https:\/\/hidrochama.com.br\/wp-content\/uploads\/2024\/11\/detec_incendio-1024x538.png 1024w, https:\/\/hidrochama.com.br\/wp-content\/uploads\/2024\/11\/detec_incendio-300x158.png 300w, https:\/\/hidrochama.com.br\/wp-content\/uploads\/2024\/11\/detec_incendio-768x403.png 768w, https:\/\/hidrochama.com.br\/wp-content\/uploads\/2024\/11\/detec_incendio.png 1200w\" sizes=\"(max-width: 1024px) 100vw, 1024px\" \/><\/figure><\/div>\n\n\n\n<div style=\"height:100px\" aria-hidden=\"true\" class=\"wp-block-spacer\"><\/div>\n","protected":false},"excerpt":{"rendered":"<p>Aqui voc\u00ea encontra alguns dos servi\u00e7os oferecidos pela Hidrochama, entre em contato e faca um or\u00e7amento com a gente. Recarga, Manuten\u00e7\u00e3o e Inspe\u00e7\u00e3o em Extintores de Inc\u00eandio A recarga de extintores \u00e9 uma medida essencial para garantir que o equipamento esteja apto para uso, em caso de emerg\u00eancias. N\u00e3o \u00e9 \u00e0 toa que faz parte [&hellip;]<\/p>\n","protected":false},"author":1,"featured_media":639,"parent":0,"menu_order":0,"comment_status":"closed","ping_status":"closed","template":"","meta":{"footnotes":""},"class_list":["post-21","page","type-page","status-publish","has-post-thumbnail","hentry"],"_links":{"self":[{"href":"https:\/\/hidrochama.com.br\/index.php?rest_route=\/wp\/v2\/pages\/21"}],"collection":[{"href":"https:\/\/hidrochama.com.br\/index.php?rest_route=\/wp\/v2\/pages"}],"about":[{"href":"https:\/\/hidrochama.com.br\/index.php?rest_route=\/wp\/v2\/types\/page"}],"author":[{"embeddable":true,"href":"https:\/\/hidrochama.com.br\/index.php?rest_route=\/wp\/v2\/users\/1"}],"replies":[{"embeddable":true,"href":"https:\/\/hidrochama.com.br\/index.php?rest_route=%2Fwp%2Fv2%2Fcomments&post=21"}],"version-history":[{"count":38,"href":"https:\/\/hidrochama.com.br\/index.php?rest_route=\/wp\/v2\/pages\/21\/revisions"}],"predecessor-version":[{"id":684,"href":"https:\/\/hidrochama.com.br\/index.php?rest_route=\/wp\/v2\/pages\/21\/revisions\/684"}],"wp:featuredmedia":[{"embeddable":true,"href":"https:\/\/hidrochama.com.br\/index.php?rest_route=\/wp\/v2\/media\/639"}],"wp:attachment":[{"href":"https:\/\/hidrochama.com.br\/index.php?rest_route=%2Fwp%2Fv2%2Fmedia&parent=21"}],"curies":[{"name":"wp","href":"https:\/\/api.w.org\/{rel}","templated":true}]}}