{"id":19,"date":"2021-04-27T10:29:25","date_gmt":"2021-04-27T13:29:25","guid":{"rendered":"http:\/\/hidrochama.com.br\/?page_id=19"},"modified":"2024-11-11T16:45:48","modified_gmt":"2024-11-11T19:45:48","slug":"vendas","status":"publish","type":"page","link":"https:\/\/hidrochama.com.br\/?page_id=19","title":{"rendered":"Vendas"},"content":{"rendered":"\n<div class=\"wp-block-columns is-layout-flex wp-container-core-columns-is-layout-1 wp-block-columns-is-layout-flex\">\n<div class=\"wp-block-column is-layout-flow wp-block-column-is-layout-flow\" style=\"flex-basis:15%\"><\/div>\n\n\n\n<div class=\"wp-block-column is-layout-flow wp-block-column-is-layout-flow\" style=\"flex-basis:70%\">\n<h2 class=\"wp-block-heading has-text-align-center has-text-color has-link-color has-medium-font-size wp-elements-677419cc5c0cd938cf126701dd09c44d\" style=\"color:#1d4864\"><strong>Trabalhamos com a venda de todos materiais de seguran\u00e7a contra inc\u00eandio e p\u00e2nico. Entre em contato e faca um or\u00e7amento.<\/strong><\/h2>\n<\/div>\n\n\n\n<div class=\"wp-block-column is-layout-flow wp-block-column-is-layout-flow\" style=\"flex-basis:15%\"><\/div>\n<\/div>\n\n\n\n<div style=\"height:100px\" aria-hidden=\"true\" class=\"wp-block-spacer\"><\/div>\n\n\n\n<div class=\"wp-block-media-text is-stacked-on-mobile\"><figure class=\"wp-block-media-text__media\"><img loading=\"lazy\" decoding=\"async\" width=\"600\" height=\"271\" src=\"https:\/\/hidrochama.com.br\/wp-content\/uploads\/2024\/11\/equipamentos.png\" alt=\"\" class=\"wp-image-652 size-full\" srcset=\"https:\/\/hidrochama.com.br\/wp-content\/uploads\/2024\/11\/equipamentos.png 600w, https:\/\/hidrochama.com.br\/wp-content\/uploads\/2024\/11\/equipamentos-300x136.png 300w\" sizes=\"(max-width: 600px) 100vw, 600px\" \/><\/figure><div class=\"wp-block-media-text__content\">\n<ul class=\"wp-block-list\">\n<li class=\"has-medium-font-size\">Extintores de inc\u00eandio<\/li>\n\n\n\n<li class=\"has-medium-font-size\">Mangueiras de inc\u00eandio<\/li>\n\n\n\n<li class=\"has-medium-font-size\">Suporte para extintores<\/li>\n\n\n\n<li class=\"has-medium-font-size\">Abrigo de mangueiras<\/li>\n\n\n\n<li class=\"has-medium-font-size\">Hidrantes<\/li>\n\n\n\n<li class=\"has-medium-font-size\">Esguichos<\/li>\n\n\n\n<li class=\"has-medium-font-size\">Placas sinalizadoras<\/li>\n\n\n\n<li class=\"has-medium-font-size\">Detectores de fumaca<\/li>\n\n\n\n<li class=\"has-medium-font-size\">Alarmes<\/li>\n\n\n\n<li class=\"has-medium-font-size\">Bico de sprinklers<\/li>\n\n\n\n<li class=\"has-medium-font-size\">V\u00e1lvulas<\/li>\n\n\n\n<li class=\"has-medium-font-size\">Registros<\/li>\n\n\n\n<li class=\"has-medium-font-size\">Man\u00f4metros<\/li>\n\n\n\n<li class=\"has-medium-font-size\">Mangotes<br><br><em>muitos outros, consulte-nos !<\/em><\/li>\n<\/ul>\n<\/div><\/div>\n\n\n\n<div style=\"height:100px\" aria-hidden=\"true\" class=\"wp-block-spacer\"><\/div>\n","protected":false},"excerpt":{"rendered":"<p>Trabalhamos com a venda de todos materiais de seguran\u00e7a contra inc\u00eandio e p\u00e2nico. Entre em contato e faca um or\u00e7amento.<\/p>\n","protected":false},"author":1,"featured_media":673,"parent":0,"menu_order":0,"comment_status":"closed","ping_status":"closed","template":"","meta":{"footnotes":""},"class_list":["post-19","page","type-page","status-publish","has-post-thumbnail","hentry"],"_links":{"self":[{"href":"https:\/\/hidrochama.com.br\/index.php?rest_route=\/wp\/v2\/pages\/19"}],"collection":[{"href":"https:\/\/hidrochama.com.br\/index.php?rest_route=\/wp\/v2\/pages"}],"about":[{"href":"https:\/\/hidrochama.com.br\/index.php?rest_route=\/wp\/v2\/types\/page"}],"author":[{"embeddable":true,"href":"https:\/\/hidrochama.com.br\/index.php?rest_route=\/wp\/v2\/users\/1"}],"replies":[{"embeddable":true,"href":"https:\/\/hidrochama.com.br\/index.php?rest_route=%2Fwp%2Fv2%2Fcomments&post=19"}],"version-history":[{"count":12,"href":"https:\/\/hidrochama.com.br\/index.php?rest_route=\/wp\/v2\/pages\/19\/revisions"}],"predecessor-version":[{"id":685,"href":"https:\/\/hidrochama.com.br\/index.php?rest_route=\/wp\/v2\/pages\/19\/revisions\/685"}],"wp:featuredmedia":[{"embeddable":true,"href":"https:\/\/hidrochama.com.br\/index.php?rest_route=\/wp\/v2\/media\/673"}],"wp:attachment":[{"href":"https:\/\/hidrochama.com.br\/index.php?rest_route=%2Fwp%2Fv2%2Fmedia&parent=19"}],"curies":[{"name":"wp","href":"https:\/\/api.w.org\/{rel}","templated":true}]}}