{"id":15,"date":"2021-04-27T10:28:53","date_gmt":"2021-04-27T13:28:53","guid":{"rendered":"http:\/\/hidrochama.com.br\/?page_id=15"},"modified":"2024-11-11T16:43:14","modified_gmt":"2024-11-11T19:43:14","slug":"a-empresa","status":"publish","type":"page","link":"https:\/\/hidrochama.com.br\/?page_id=15","title":{"rendered":"Hidrochama"},"content":{"rendered":"\n<div style=\"height:50px\" aria-hidden=\"true\" class=\"wp-block-spacer\"><\/div>\n\n\n\n<div class=\"wp-block-columns is-layout-flex wp-container-core-columns-is-layout-1 wp-block-columns-is-layout-flex\">\n<div class=\"wp-block-column is-layout-flow wp-block-column-is-layout-flow\" style=\"flex-basis:15%\"><\/div>\n\n\n\n<div class=\"wp-block-column is-layout-flow wp-block-column-is-layout-flow\" style=\"flex-basis:70%\">\n<p class=\"has-text-color has-link-color has-normal-font-size wp-elements-34801930581d17a7a4a5dbbaa532d35f\" style=\"color:#5c5a5a\"><mark style=\"background-color:rgba(0, 0, 0, 0)\" class=\"has-inline-color has-cyan-bluish-gray-color\">Iniciamos nossas atividades em 2012, depois de uma experi\u00eancia de mais de 20 anos como representantes de empresa na \u00e1rea de equipamentos de seguran\u00e7a, e assim nasceu a Hidrochama \u00a0que ao longo destes 3 anos passou por transforma\u00e7\u00f5es acompanhando o mercado exigente, onde se alia seguran\u00e7a e qualidade.<\/mark> <br><br><mark style=\"background-color:rgba(0, 0, 0, 0)\" class=\"has-inline-color has-cyan-bluish-gray-color\">Hoje a Hidrochama se qualifica a fazer todo o tipo de manuten\u00e7\u00f5es em extintores de inc\u00eandio, mangueiras, hidrantes, portas corta-fogo, p\u00e1ra-raios e casas de m\u00e1quina de inc\u00eandio, \u00a0na \u00e1rea de seguran\u00e7a contra-inc\u00eandio.<\/mark><\/p>\n<\/div>\n\n\n\n<div class=\"wp-block-column is-layout-flow wp-block-column-is-layout-flow\" style=\"flex-basis:15%\"><\/div>\n<\/div>\n\n\n\n<div style=\"height:50px\" aria-hidden=\"true\" class=\"wp-block-spacer\"><\/div>\n\n\n\n<h3 class=\"wp-block-heading has-text-align-center has-medium-font-size\" id=\"nossa-unidade-sede-propria\"><mark style=\"background-color:rgba(0, 0, 0, 0)\" class=\"has-inline-color has-vivid-red-color\">Nossa Unidade (Sede Pr\u00f3pria)<\/mark><\/h3>\n\n\n\n<div style=\"height:50px\" aria-hidden=\"true\" class=\"wp-block-spacer\"><\/div>\n\n\n\n<div class=\"wp-block-columns is-layout-flex wp-container-core-columns-is-layout-2 wp-block-columns-is-layout-flex\">\n<div class=\"wp-block-column is-layout-flow wp-block-column-is-layout-flow\" style=\"flex-basis:25%\"><\/div>\n\n\n\n<div class=\"wp-block-column is-layout-flow wp-block-column-is-layout-flow\" style=\"flex-basis:50%\">\n<div class=\"wp-block-media-text alignwide is-stacked-on-mobile\"><figure class=\"wp-block-media-text__media\"><img loading=\"lazy\" decoding=\"async\" width=\"527\" height=\"404\" src=\"https:\/\/hidrochama.com.br\/wp-content\/uploads\/2021\/05\/foto003.png\" alt=\"\" class=\"wp-image-109 size-full\" srcset=\"https:\/\/hidrochama.com.br\/wp-content\/uploads\/2021\/05\/foto003.png 527w, https:\/\/hidrochama.com.br\/wp-content\/uploads\/2021\/05\/foto003-300x230.png 300w\" sizes=\"(max-width: 527px) 100vw, 527px\" \/><\/figure><div class=\"wp-block-media-text__content\">\n<p class=\"has-medium-font-size\"><mark style=\"background-color:rgba(0, 0, 0, 0)\" class=\"has-inline-color has-cyan-bluish-gray-color\"><em>Matriz &#8211; Rio de Janeiro<\/em><\/mark><\/p>\n\n\n\n<ul class=\"wp-block-list\">\n<li><mark style=\"background-color:rgba(0, 0, 0, 0)\" class=\"has-inline-color has-cyan-bluish-gray-color\">Rua Alberto Torres, 356 &#8211; Neves &#8211; S\u00e3o Gon\u00e7alo\/RJ<\/mark><\/li>\n<\/ul>\n\n\n\n<ul class=\"wp-block-list\">\n<li><mark style=\"background-color:rgba(0, 0, 0, 0)\" class=\"has-inline-color has-cyan-bluish-gray-color\">21 2628 2455<\/mark><\/li>\n<\/ul>\n<\/div><\/div>\n<\/div>\n\n\n\n<div class=\"wp-block-column is-layout-flow wp-block-column-is-layout-flow\" style=\"flex-basis:25%\"><\/div>\n<\/div>\n","protected":false},"excerpt":{"rendered":"<p>Iniciamos nossas atividades em 2012, depois de uma experi\u00eancia de mais de 20 anos como representantes de empresa na \u00e1rea de equipamentos de seguran\u00e7a, e assim nasceu a Hidrochama \u00a0que ao longo destes 3 anos passou por transforma\u00e7\u00f5es acompanhando o mercado exigente, onde se alia seguran\u00e7a e qualidade. Hoje a Hidrochama se qualifica a fazer [&hellip;]<\/p>\n","protected":false},"author":1,"featured_media":102,"parent":0,"menu_order":0,"comment_status":"closed","ping_status":"closed","template":"","meta":{"footnotes":""},"class_list":["post-15","page","type-page","status-publish","has-post-thumbnail","hentry"],"_links":{"self":[{"href":"https:\/\/hidrochama.com.br\/index.php?rest_route=\/wp\/v2\/pages\/15"}],"collection":[{"href":"https:\/\/hidrochama.com.br\/index.php?rest_route=\/wp\/v2\/pages"}],"about":[{"href":"https:\/\/hidrochama.com.br\/index.php?rest_route=\/wp\/v2\/types\/page"}],"author":[{"embeddable":true,"href":"https:\/\/hidrochama.com.br\/index.php?rest_route=\/wp\/v2\/users\/1"}],"replies":[{"embeddable":true,"href":"https:\/\/hidrochama.com.br\/index.php?rest_route=%2Fwp%2Fv2%2Fcomments&post=15"}],"version-history":[{"count":22,"href":"https:\/\/hidrochama.com.br\/index.php?rest_route=\/wp\/v2\/pages\/15\/revisions"}],"predecessor-version":[{"id":681,"href":"https:\/\/hidrochama.com.br\/index.php?rest_route=\/wp\/v2\/pages\/15\/revisions\/681"}],"wp:featuredmedia":[{"embeddable":true,"href":"https:\/\/hidrochama.com.br\/index.php?rest_route=\/wp\/v2\/media\/102"}],"wp:attachment":[{"href":"https:\/\/hidrochama.com.br\/index.php?rest_route=%2Fwp%2Fv2%2Fmedia&parent=15"}],"curies":[{"name":"wp","href":"https:\/\/api.w.org\/{rel}","templated":true}]}}