{"id":13,"date":"2021-04-27T10:28:20","date_gmt":"2021-04-27T13:28:20","guid":{"rendered":"http:\/\/hidrochama.com.br\/?page_id=13"},"modified":"2024-11-11T12:30:10","modified_gmt":"2024-11-11T15:30:10","slug":"home","status":"publish","type":"page","link":"https:\/\/hidrochama.com.br\/","title":{"rendered":"Home"},"content":{"rendered":"\n<div class=\"alignfull\"><div id=\"metaslider-id-72\" style=\"width: 100%; margin: 0 auto;\" class=\"ml-slider-3-92-1 metaslider metaslider-flex metaslider-72 ml-slider ms-theme-default nav-hidden\" role=\"region\" aria-roledescription=\"Slideshow\" aria-label=\"principal\">\n    <div id=\"metaslider_container_72\">\n        <div id=\"metaslider_72\">\n            <ul class='slides'>\n                <li style=\"display: block; width: 100%;\" class=\"slide-73 ms-image \" aria-roledescription=\"slide\" aria-label=\"slide-73\"><img loading=\"lazy\" decoding=\"async\" src=\"https:\/\/hidrochama.com.br\/wp-content\/uploads\/2024\/11\/slide_a-1400x550.jpg\" height=\"550\" width=\"1400\" alt=\"\" class=\"slider-72 slide-73\" title=\"slide_a\" \/><\/li>\n            <\/ul>\n        <\/div>\n        \n    <\/div>\n<\/div><\/div>\n\n\n\n<div style=\"height:100px\" aria-hidden=\"true\" class=\"wp-block-spacer\"><\/div>\n\n\n\n<div class=\"wp-block-columns is-layout-flex wp-container-core-columns-is-layout-1 wp-block-columns-is-layout-flex\">\n<div class=\"wp-block-column is-layout-flow wp-block-column-is-layout-flow\">\n<figure class=\"wp-block-image size-full\"><img loading=\"lazy\" decoding=\"async\" width=\"684\" height=\"684\" src=\"https:\/\/hidrochama.com.br\/wp-content\/uploads\/2024\/11\/img_inc-1.jpg\" alt=\"\" class=\"wp-image-415\" style=\"aspect-ratio:4\/3;object-fit:cover\" srcset=\"https:\/\/hidrochama.com.br\/wp-content\/uploads\/2024\/11\/img_inc-1.jpg 684w, https:\/\/hidrochama.com.br\/wp-content\/uploads\/2024\/11\/img_inc-1-300x300.jpg 300w, https:\/\/hidrochama.com.br\/wp-content\/uploads\/2024\/11\/img_inc-1-150x150.jpg 150w\" sizes=\"(max-width: 684px) 100vw, 684px\" \/><\/figure>\n<\/div>\n\n\n\n<div class=\"wp-block-column is-layout-flow wp-block-column-is-layout-flow\">\n<h2 class=\"wp-block-heading has-vivid-red-color has-text-color has-link-color has-large-font-size wp-elements-86e299af7c1fed6f18c41ff3f59cd755\">Qualidade, Confiabilidade e Seguran\u00e7a em Servi\u00e7os de Combate a Inc\u00eandio<\/h2>\n\n\n\n<p class=\"has-medium-font-size\">Localizada no Rio de Janeiro na cidade de S\u00e3o Gon\u00e7alo, a empresa \u00e9 refer\u00eancia na \u00e1rea de preven\u00e7\u00e3o e combate a inc\u00eandio. Contamos com uma grande equipe especializada para atender todas as \u00e1reas. Temos engenheiros, t\u00e9cnicos especializados, bombeiros, entre outros. Nosso estoque s\u00e3o de materiais de alta qualidade, adquiridos com os melhores fornecedores.<\/p>\n<\/div>\n<\/div>\n\n\n\n<div style=\"height:100px\" aria-hidden=\"true\" class=\"wp-block-spacer\"><\/div>\n\n\n\n<div class=\"wp-block-group alignfull has-background\" style=\"background-color:#16445e\"><div class=\"wp-block-group__inner-container is-layout-flow wp-block-group-is-layout-flow\">\n<div style=\"height:51px\" aria-hidden=\"true\" class=\"wp-block-spacer\"><\/div>\n\n\n\n<h2 class=\"wp-block-heading has-text-align-center has-white-color has-text-color has-link-color wp-elements-47743c1b974387311217d2529948f118\" style=\"font-size:25px\">Servi\u00e7o de qualidade \u00e9 aqui na Hidrochama<\/h2>\n\n\n\n<div style=\"height:20px\" aria-hidden=\"true\" class=\"wp-block-spacer\"><\/div>\n\n\n\n<p class=\"has-text-align-center has-text-color has-link-color has-medium-font-size wp-elements-936d87da4f0116109abccbb5995fd52e\" style=\"color:#81c3ea\">Nossos profissionais s\u00e3o capacitados e treinados para executar <br>um servi\u00e7o seguro e de qualidade.<\/p>\n\n\n\n<div style=\"height:50px\" aria-hidden=\"true\" class=\"wp-block-spacer\"><\/div>\n\n\n\n<div class=\"wp-block-columns alignwide is-layout-flex wp-container-core-columns-is-layout-3 wp-block-columns-is-layout-flex\">\n<div class=\"wp-block-column is-layout-flow wp-block-column-is-layout-flow\" style=\"flex-basis:10%\"><\/div>\n\n\n\n<div class=\"wp-block-column is-layout-flow wp-block-column-is-layout-flow\" style=\"flex-basis:80%\">\n<div class=\"wp-block-columns is-layout-flex wp-container-core-columns-is-layout-2 wp-block-columns-is-layout-flex\">\n<div class=\"wp-block-column is-vertically-aligned-top has-small-font-size is-layout-flow wp-block-column-is-layout-flow\">\n<figure class=\"wp-block-image size-large is-style-default\"><img loading=\"lazy\" decoding=\"async\" width=\"1024\" height=\"674\" src=\"https:\/\/hidrochama.com.br\/wp-content\/uploads\/2021\/06\/header-bg_2-1024x674.jpg\" alt=\"\" class=\"wp-image-167\" srcset=\"https:\/\/hidrochama.com.br\/wp-content\/uploads\/2021\/06\/header-bg_2-1024x674.jpg 1024w, https:\/\/hidrochama.com.br\/wp-content\/uploads\/2021\/06\/header-bg_2-300x197.jpg 300w, https:\/\/hidrochama.com.br\/wp-content\/uploads\/2021\/06\/header-bg_2-768x505.jpg 768w, https:\/\/hidrochama.com.br\/wp-content\/uploads\/2021\/06\/header-bg_2-1536x1011.jpg 1536w, https:\/\/hidrochama.com.br\/wp-content\/uploads\/2021\/06\/header-bg_2-600x395.jpg 600w, https:\/\/hidrochama.com.br\/wp-content\/uploads\/2021\/06\/header-bg_2.jpg 1900w\" sizes=\"(max-width: 1024px) 100vw, 1024px\" \/><\/figure>\n\n\n\n<h2 class=\"wp-block-heading has-text-align-left has-white-color has-text-color has-link-color wp-elements-e6323039e641b816a884d2dcd4532ebd\" style=\"font-size:18px\">&#8230;&#8230;&#8230;.<br>Recarga em extintores e tratamento em mangueiras de inc\u00eandio<\/h2>\n<\/div>\n\n\n\n<div class=\"wp-block-column is-vertically-aligned-stretch has-small-font-size is-layout-flow wp-block-column-is-layout-flow\">\n<figure class=\"wp-block-image size-full\"><img loading=\"lazy\" decoding=\"async\" width=\"675\" height=\"450\" src=\"https:\/\/hidrochama.com.br\/wp-content\/uploads\/2021\/06\/a8cb5bd234.jpg\" alt=\"\" class=\"wp-image-171\" srcset=\"https:\/\/hidrochama.com.br\/wp-content\/uploads\/2021\/06\/a8cb5bd234.jpg 675w, https:\/\/hidrochama.com.br\/wp-content\/uploads\/2021\/06\/a8cb5bd234-300x200.jpg 300w, https:\/\/hidrochama.com.br\/wp-content\/uploads\/2021\/06\/a8cb5bd234-600x400.jpg 600w\" sizes=\"(max-width: 675px) 100vw, 675px\" \/><\/figure>\n\n\n\n<h2 class=\"wp-block-heading has-text-align-left has-white-color has-text-color has-link-color wp-elements-4ff28819818054fa9226988f6ae33674\" style=\"font-size:18px\">&#8230;&#8230;&#8230;..<br>Instala\u00e7\u00e3o e manuten\u00e7\u00e3o em sistemas de inc\u00eandio e para-raios<\/h2>\n<\/div>\n\n\n\n<div class=\"wp-block-column is-vertically-aligned-stretch has-small-font-size is-layout-flow wp-block-column-is-layout-flow\">\n<figure class=\"wp-block-image size-full\"><img loading=\"lazy\" decoding=\"async\" width=\"600\" height=\"400\" src=\"https:\/\/hidrochama.com.br\/wp-content\/uploads\/2024\/11\/projetos.jpg\" alt=\"\" class=\"wp-image-434\" srcset=\"https:\/\/hidrochama.com.br\/wp-content\/uploads\/2024\/11\/projetos.jpg 600w, https:\/\/hidrochama.com.br\/wp-content\/uploads\/2024\/11\/projetos-300x200.jpg 300w\" sizes=\"(max-width: 600px) 100vw, 600px\" \/><\/figure>\n\n\n\n<h2 class=\"wp-block-heading has-text-align-left has-white-color has-text-color has-link-color wp-elements-c12a41bba0f336d37db9b6b21fca2701\" style=\"font-size:18px\">&#8230;&#8230;&#8230;..<br>Elabora\u00e7\u00e3o e implementa\u00e7\u00e3o de projetos de seguran\u00e7a contra Inc\u00eandio e p\u00e2nico<br><\/h2>\n<\/div>\n\n\n\n<div class=\"wp-block-column is-vertically-aligned-stretch has-small-font-size is-layout-flow wp-block-column-is-layout-flow\">\n<figure class=\"wp-block-image size-full\"><img loading=\"lazy\" decoding=\"async\" width=\"768\" height=\"488\" src=\"https:\/\/hidrochama.com.br\/wp-content\/uploads\/2024\/11\/central-alarme-incendio.jpg\" alt=\"\" class=\"wp-image-437\" srcset=\"https:\/\/hidrochama.com.br\/wp-content\/uploads\/2024\/11\/central-alarme-incendio.jpg 768w, https:\/\/hidrochama.com.br\/wp-content\/uploads\/2024\/11\/central-alarme-incendio-300x191.jpg 300w\" sizes=\"(max-width: 768px) 100vw, 768px\" \/><\/figure>\n\n\n\n<h2 class=\"wp-block-heading has-text-align-left has-white-color has-text-color has-link-color wp-elements-73afd55c1efaceb867a65f70b60297df\" style=\"font-size:18px\">&#8230;&#8230;&#8230;&#8230;<br>Instala\u00e7\u00e3o e manuten\u00e7\u00e3o de alarmes e detectores de fuma\u00e7a<\/h2>\n<\/div>\n<\/div>\n<\/div>\n\n\n\n<div class=\"wp-block-column is-layout-flow wp-block-column-is-layout-flow\" style=\"flex-basis:10%\"><\/div>\n<\/div>\n\n\n\n<div style=\"height:100px\" aria-hidden=\"true\" class=\"wp-block-spacer\"><\/div>\n<\/div><\/div>\n\n\n\n<div style=\"height:50px\" aria-hidden=\"true\" class=\"wp-block-spacer\"><\/div>\n\n\n\n<h2 class=\"wp-block-heading has-text-align-center has-text-color has-link-color wp-elements-944dd2fa56294babdb5e2143abed9509\" style=\"color:#0a4466;font-size:25px\"><strong>EMPRESA RENOMADA NO RAMO DE ATIVIDADE<\/strong><\/h2>\n\n\n\n<div style=\"height:20px\" aria-hidden=\"true\" class=\"wp-block-spacer\"><\/div>\n\n\n\n<div class=\"wp-block-columns is-layout-flex wp-container-core-columns-is-layout-4 wp-block-columns-is-layout-flex\">\n<div class=\"wp-block-column is-layout-flow wp-block-column-is-layout-flow\" style=\"flex-basis:15%\"><\/div>\n\n\n\n<div class=\"wp-block-column is-layout-flow wp-block-column-is-layout-flow\" style=\"flex-basis:70%\">\n<p class=\"has-text-align-center has-text-color has-link-color has-medium-font-size wp-elements-bf652c2fd3bb8bcffb97e47ebe079ff6\" style=\"color:#357da6\">S\u00e3o mais 15 anos trabalhando com seguran\u00e7a e combate a inc\u00eandio e p\u00e2nico , mais de 5 mil clientes cadastrados e mais de 500 atendidos todo m\u00eas. Temos clientes em todo Rio de Janeiro.<\/p>\n\n\n\n<div style=\"height:50px\" aria-hidden=\"true\" class=\"wp-block-spacer\"><\/div>\n<\/div>\n\n\n\n<div class=\"wp-block-column is-layout-flow wp-block-column-is-layout-flow\" style=\"flex-basis:15%\"><\/div>\n<\/div>\n\n\n\n<div class=\"wp-block-columns is-layout-flex wp-container-core-columns-is-layout-5 wp-block-columns-is-layout-flex\">\n<div class=\"wp-block-column is-layout-flow wp-block-column-is-layout-flow\">\n<figure class=\"wp-block-image size-full\"><img loading=\"lazy\" decoding=\"async\" width=\"500\" height=\"500\" src=\"https:\/\/hidrochama.com.br\/wp-content\/uploads\/2024\/11\/municipios-1.jpg\" alt=\"\" class=\"wp-image-482\" style=\"object-fit:cover\" srcset=\"https:\/\/hidrochama.com.br\/wp-content\/uploads\/2024\/11\/municipios-1.jpg 500w, https:\/\/hidrochama.com.br\/wp-content\/uploads\/2024\/11\/municipios-1-300x300.jpg 300w, https:\/\/hidrochama.com.br\/wp-content\/uploads\/2024\/11\/municipios-1-150x150.jpg 150w\" sizes=\"(max-width: 500px) 100vw, 500px\" \/><\/figure>\n<\/div>\n\n\n\n<div class=\"wp-block-column is-layout-flow wp-block-column-is-layout-flow\">\n<figure class=\"wp-block-image size-full\"><img loading=\"lazy\" decoding=\"async\" width=\"500\" height=\"500\" src=\"https:\/\/hidrochama.com.br\/wp-content\/uploads\/2024\/11\/clientes-2.jpg\" alt=\"\" class=\"wp-image-487\" srcset=\"https:\/\/hidrochama.com.br\/wp-content\/uploads\/2024\/11\/clientes-2.jpg 500w, https:\/\/hidrochama.com.br\/wp-content\/uploads\/2024\/11\/clientes-2-300x300.jpg 300w, https:\/\/hidrochama.com.br\/wp-content\/uploads\/2024\/11\/clientes-2-150x150.jpg 150w\" sizes=\"(max-width: 500px) 100vw, 500px\" \/><\/figure>\n<\/div>\n\n\n\n<div class=\"wp-block-column is-layout-flow wp-block-column-is-layout-flow\">\n<figure class=\"wp-block-image size-full\"><img loading=\"lazy\" decoding=\"async\" width=\"500\" height=\"500\" src=\"https:\/\/hidrochama.com.br\/wp-content\/uploads\/2024\/11\/servicos.jpg\" alt=\"\" class=\"wp-image-489\" srcset=\"https:\/\/hidrochama.com.br\/wp-content\/uploads\/2024\/11\/servicos.jpg 500w, https:\/\/hidrochama.com.br\/wp-content\/uploads\/2024\/11\/servicos-300x300.jpg 300w, https:\/\/hidrochama.com.br\/wp-content\/uploads\/2024\/11\/servicos-150x150.jpg 150w\" sizes=\"(max-width: 500px) 100vw, 500px\" \/><\/figure>\n<\/div>\n\n\n\n<div class=\"wp-block-column is-layout-flow wp-block-column-is-layout-flow\">\n<figure class=\"wp-block-image size-full\"><img loading=\"lazy\" decoding=\"async\" width=\"500\" height=\"500\" src=\"https:\/\/hidrochama.com.br\/wp-content\/uploads\/2024\/11\/experi.jpg\" alt=\"\" class=\"wp-image-480\" srcset=\"https:\/\/hidrochama.com.br\/wp-content\/uploads\/2024\/11\/experi.jpg 500w, https:\/\/hidrochama.com.br\/wp-content\/uploads\/2024\/11\/experi-300x300.jpg 300w, https:\/\/hidrochama.com.br\/wp-content\/uploads\/2024\/11\/experi-150x150.jpg 150w\" sizes=\"(max-width: 500px) 100vw, 500px\" \/><\/figure>\n<\/div>\n<\/div>\n\n\n\n<div style=\"height:100px\" aria-hidden=\"true\" class=\"wp-block-spacer\"><\/div>\n\n\n\n<div class=\"alignfull\"><div id=\"metaslider-id-528\" style=\"width: 100%; margin: 0 auto;\" class=\"ml-slider-3-92-1 metaslider metaslider-flex metaslider-528 ml-slider ms-theme-default nav-hidden nav-hidden\" role=\"region\" aria-roledescription=\"Slideshow\" aria-label=\"credenciamento\">\n    <div id=\"metaslider_container_528\">\n        <div id=\"metaslider_528\">\n            <ul class='slides'>\n                <li style=\"display: block; width: 100%;\" class=\"slide-530 ms-image \" aria-roledescription=\"slide\" aria-label=\"slide-530\"><img loading=\"lazy\" decoding=\"async\" src=\"https:\/\/hidrochama.com.br\/wp-content\/uploads\/2024\/11\/banner_cred.jpg\" height=\"500\" width=\"1680\" alt=\"\" class=\"slider-528 slide-530\" title=\"banner_cred\" \/><\/li>\n            <\/ul>\n        <\/div>\n        \n    <\/div>\n<\/div><\/div>\n\n\n\n<div style=\"height:100px\" aria-hidden=\"true\" class=\"wp-block-spacer\"><\/div>\n\n\n\n<h2 class=\"wp-block-heading has-text-align-center has-vivid-red-color has-text-color has-link-color wp-elements-2b409398626b5bd5fe1fcdea5cd2027f\" style=\"font-size:25px\"><strong>ALGUNS DOS NOSSOS CLIENTES<\/strong><\/h2>\n\n\n\n<div style=\"height:20px\" aria-hidden=\"true\" class=\"wp-block-spacer\"><\/div>\n\n\n\n<div class=\"wp-block-columns is-layout-flex wp-container-core-columns-is-layout-6 wp-block-columns-is-layout-flex\">\n<div class=\"wp-block-column is-layout-flow wp-block-column-is-layout-flow\" style=\"flex-basis:20%\"><\/div>\n\n\n\n<div class=\"wp-block-column is-layout-flow wp-block-column-is-layout-flow\" style=\"flex-basis:60%\">\n<p class=\"has-text-align-center has-medium-font-size\">Junta-se a galeria de clientes que confiam em nosso trabalho feito com excel\u00eancia em seguran\u00e7a.<\/p>\n<\/div>\n\n\n\n<div class=\"wp-block-column is-layout-flow wp-block-column-is-layout-flow\" style=\"flex-basis:20%\"><\/div>\n<\/div>\n\n\n<style type=\"text\/css\">\r\n\t#foogallery-gallery-536 .fg-image {\r\n        width: 150px;\r\n    }\r\n<\/style>\r\n\t\t\t\t<div class=\"foogallery foogallery-container foogallery-default foogallery-lightbox-foogallery fg-gutter-10 fg-center fg-default fg-light fg-border-thin fg-shadow-outline fg-loading-default fg-loaded-fade-in fg-hover-scale fg-hover-fade fg-ready\" id=\"foogallery-gallery-536\" data-foogallery=\"{&quot;item&quot;:{&quot;showCaptionTitle&quot;:false,&quot;showCaptionDescription&quot;:false},&quot;lazy&quot;:false,&quot;src&quot;:&quot;src&quot;,&quot;srcset&quot;:&quot;srcset&quot;}\" data-foogallery-lightbox=\"{&quot;thumbs&quot;:&quot;none&quot;,&quot;info&quot;:false,&quot;infoAlign&quot;:&quot;default&quot;,&quot;transition&quot;:&quot;none&quot;,&quot;hoverButtons&quot;:false,&quot;fitMedia&quot;:false,&quot;noScrollbars&quot;:true,&quot;preserveButtonSpace&quot;:false,&quot;buttons&quot;:{&quot;fullscreen&quot;:false,&quot;info&quot;:false,&quot;thumbs&quot;:false,&quot;next&quot;:false,&quot;prev&quot;:false},&quot;video&quot;:{&quot;autoPlay&quot;:true}}\" >\r\n\t<div class=\"fg-item fg-type-image fg-loaded\"><figure class=\"fg-item-inner\"><a data-attachment-id=\"539\" data-type=\"image\" class=\"fg-thumb\"><span class=\"fg-image-wrap\"><img decoding=\"async\" src=\"https:\/\/hidrochama.com.br\/wp-content\/uploads\/cache\/2024\/11\/objetiva\/3414008051.jpg\" width=\"150\" height=\"150\" class=\"skip-lazy fg-image\" loading=\"eager\"><\/span><span class=\"fg-image-overlay\"><\/span><\/a><figcaption class=\"fg-caption\"><div class=\"fg-caption-inner\"><\/div><\/figcaption><\/figure><div class=\"fg-loader\"><\/div><\/div><div class=\"fg-item fg-type-image fg-loaded\"><figure class=\"fg-item-inner\"><a data-attachment-id=\"544\" data-type=\"image\" class=\"fg-thumb\"><span class=\"fg-image-wrap\"><img decoding=\"async\" src=\"https:\/\/hidrochama.com.br\/wp-content\/uploads\/cache\/2024\/11\/acqua\/3299728034.jpg\" width=\"150\" height=\"150\" class=\"skip-lazy fg-image\" loading=\"eager\"><\/span><span class=\"fg-image-overlay\"><\/span><\/a><figcaption class=\"fg-caption\"><div class=\"fg-caption-inner\"><\/div><\/figcaption><\/figure><div class=\"fg-loader\"><\/div><\/div><div class=\"fg-item fg-type-image fg-loaded\"><figure class=\"fg-item-inner\"><a data-attachment-id=\"545\" data-type=\"image\" class=\"fg-thumb\"><span class=\"fg-image-wrap\"><img decoding=\"async\" src=\"https:\/\/hidrochama.com.br\/wp-content\/uploads\/cache\/2024\/11\/amil\/3129327987.jpg\" width=\"150\" height=\"150\" class=\"skip-lazy fg-image\" loading=\"eager\"><\/span><span class=\"fg-image-overlay\"><\/span><\/a><figcaption class=\"fg-caption\"><div class=\"fg-caption-inner\"><\/div><\/figcaption><\/figure><div class=\"fg-loader\"><\/div><\/div><div class=\"fg-item fg-type-image fg-loaded\"><figure class=\"fg-item-inner\"><a data-attachment-id=\"546\" data-type=\"image\" class=\"fg-thumb\"><span class=\"fg-image-wrap\"><img decoding=\"async\" src=\"https:\/\/hidrochama.com.br\/wp-content\/uploads\/cache\/2024\/11\/icarai_praia\/3553977179.jpg\" width=\"150\" height=\"150\" class=\"skip-lazy fg-image\" loading=\"eager\"><\/span><span class=\"fg-image-overlay\"><\/span><\/a><figcaption class=\"fg-caption\"><div class=\"fg-caption-inner\"><\/div><\/figcaption><\/figure><div class=\"fg-loader\"><\/div><\/div><div class=\"fg-item fg-type-image fg-loaded\"><figure class=\"fg-item-inner\"><a data-attachment-id=\"547\" data-type=\"image\" class=\"fg-thumb\"><span class=\"fg-image-wrap\"><img decoding=\"async\" src=\"https:\/\/hidrochama.com.br\/wp-content\/uploads\/cache\/2024\/11\/multimarket\/3109033342.jpg\" width=\"150\" height=\"150\" class=\"skip-lazy fg-image\" loading=\"eager\"><\/span><span class=\"fg-image-overlay\"><\/span><\/a><figcaption class=\"fg-caption\"><div class=\"fg-caption-inner\"><\/div><\/figcaption><\/figure><div class=\"fg-loader\"><\/div><\/div><div class=\"fg-item fg-type-image fg-loaded\"><figure class=\"fg-item-inner\"><a data-attachment-id=\"548\" data-type=\"image\" class=\"fg-thumb\"><span class=\"fg-image-wrap\"><img decoding=\"async\" src=\"https:\/\/hidrochama.com.br\/wp-content\/uploads\/cache\/2024\/11\/prefeitura_nit\/3636394377.jpg\" width=\"150\" height=\"150\" class=\"skip-lazy fg-image\" loading=\"eager\"><\/span><span class=\"fg-image-overlay\"><\/span><\/a><figcaption class=\"fg-caption\"><div class=\"fg-caption-inner\"><\/div><\/figcaption><\/figure><div class=\"fg-loader\"><\/div><\/div><div class=\"fg-item fg-type-image fg-loaded\"><figure class=\"fg-item-inner\"><a data-attachment-id=\"549\" data-type=\"image\" class=\"fg-thumb\"><span class=\"fg-image-wrap\"><img decoding=\"async\" src=\"https:\/\/hidrochama.com.br\/wp-content\/uploads\/cache\/2024\/11\/sestsenat\/2407686305.jpg\" width=\"150\" height=\"150\" class=\"skip-lazy fg-image\" loading=\"eager\"><\/span><span class=\"fg-image-overlay\"><\/span><\/a><figcaption class=\"fg-caption\"><div class=\"fg-caption-inner\"><\/div><\/figcaption><\/figure><div class=\"fg-loader\"><\/div><\/div><div class=\"fg-item fg-type-image fg-loaded\"><figure class=\"fg-item-inner\"><a data-attachment-id=\"550\" data-type=\"image\" class=\"fg-thumb\"><span class=\"fg-image-wrap\"><img decoding=\"async\" src=\"https:\/\/hidrochama.com.br\/wp-content\/uploads\/cache\/2024\/11\/teatro\/3762252204.jpg\" width=\"150\" height=\"150\" class=\"skip-lazy fg-image\" loading=\"eager\"><\/span><span class=\"fg-image-overlay\"><\/span><\/a><figcaption class=\"fg-caption\"><div class=\"fg-caption-inner\"><\/div><\/figcaption><\/figure><div class=\"fg-loader\"><\/div><\/div><div class=\"fg-item fg-type-image fg-loaded\"><figure class=\"fg-item-inner\"><a data-attachment-id=\"551\" data-type=\"image\" class=\"fg-thumb\"><span class=\"fg-image-wrap\"><img decoding=\"async\" src=\"https:\/\/hidrochama.com.br\/wp-content\/uploads\/cache\/2024\/11\/tubarao\/4199470761.jpg\" width=\"150\" height=\"150\" class=\"skip-lazy fg-image\" loading=\"eager\"><\/span><span class=\"fg-image-overlay\"><\/span><\/a><figcaption class=\"fg-caption\"><div class=\"fg-caption-inner\"><\/div><\/figcaption><\/figure><div class=\"fg-loader\"><\/div><\/div><div class=\"fg-item fg-type-image fg-loaded\"><figure class=\"fg-item-inner\"><a data-attachment-id=\"552\" data-type=\"image\" class=\"fg-thumb\"><span class=\"fg-image-wrap\"><img decoding=\"async\" src=\"https:\/\/hidrochama.com.br\/wp-content\/uploads\/cache\/2024\/11\/vivo\/2557634824.jpg\" width=\"150\" height=\"150\" class=\"skip-lazy fg-image\" loading=\"eager\"><\/span><span class=\"fg-image-overlay\"><\/span><\/a><figcaption class=\"fg-caption\"><div class=\"fg-caption-inner\"><\/div><\/figcaption><\/figure><div class=\"fg-loader\"><\/div><\/div><div class=\"fg-item fg-type-image fg-loaded\"><figure class=\"fg-item-inner\"><a data-attachment-id=\"554\" data-type=\"image\" class=\"fg-thumb\"><span class=\"fg-image-wrap\"><img decoding=\"async\" src=\"https:\/\/hidrochama.com.br\/wp-content\/uploads\/cache\/2024\/11\/bb\/575815244.jpg\" width=\"150\" height=\"150\" class=\"skip-lazy fg-image\" loading=\"eager\"><\/span><span class=\"fg-image-overlay\"><\/span><\/a><figcaption class=\"fg-caption\"><div class=\"fg-caption-inner\"><\/div><\/figcaption><\/figure><div class=\"fg-loader\"><\/div><\/div><div class=\"fg-item fg-type-image fg-loaded\"><figure class=\"fg-item-inner\"><a data-attachment-id=\"555\" data-type=\"image\" class=\"fg-thumb\"><span class=\"fg-image-wrap\"><img decoding=\"async\" src=\"https:\/\/hidrochama.com.br\/wp-content\/uploads\/cache\/2024\/11\/bradesco\/3530306156.jpg\" width=\"150\" height=\"150\" class=\"skip-lazy fg-image\" loading=\"eager\"><\/span><span class=\"fg-image-overlay\"><\/span><\/a><figcaption class=\"fg-caption\"><div class=\"fg-caption-inner\"><\/div><\/figcaption><\/figure><div class=\"fg-loader\"><\/div><\/div><div class=\"fg-item fg-type-image fg-loaded\"><figure class=\"fg-item-inner\"><a data-attachment-id=\"556\" data-type=\"image\" class=\"fg-thumb\"><span class=\"fg-image-wrap\"><img decoding=\"async\" src=\"https:\/\/hidrochama.com.br\/wp-content\/uploads\/cache\/2024\/11\/hon\/4283868390.jpg\" width=\"150\" height=\"150\" class=\"skip-lazy fg-image\" loading=\"eager\"><\/span><span class=\"fg-image-overlay\"><\/span><\/a><figcaption class=\"fg-caption\"><div class=\"fg-caption-inner\"><\/div><\/figcaption><\/figure><div class=\"fg-loader\"><\/div><\/div><div class=\"fg-item fg-type-image fg-loaded\"><figure class=\"fg-item-inner\"><a data-attachment-id=\"557\" data-type=\"image\" class=\"fg-thumb\"><span class=\"fg-image-wrap\"><img decoding=\"async\" src=\"https:\/\/hidrochama.com.br\/wp-content\/uploads\/cache\/2024\/11\/medicaflu\/2471868268.jpg\" width=\"150\" height=\"150\" class=\"skip-lazy fg-image\" loading=\"eager\"><\/span><span class=\"fg-image-overlay\"><\/span><\/a><figcaption class=\"fg-caption\"><div class=\"fg-caption-inner\"><\/div><\/figcaption><\/figure><div class=\"fg-loader\"><\/div><\/div><div class=\"fg-item fg-type-image fg-loaded\"><figure class=\"fg-item-inner\"><a data-attachment-id=\"558\" data-type=\"image\" class=\"fg-thumb\"><span class=\"fg-image-wrap\"><img decoding=\"async\" src=\"https:\/\/hidrochama.com.br\/wp-content\/uploads\/cache\/2024\/11\/pmerj_corregedoria\/950356405.jpg\" width=\"150\" height=\"150\" class=\"skip-lazy fg-image\" loading=\"eager\"><\/span><span class=\"fg-image-overlay\"><\/span><\/a><figcaption class=\"fg-caption\"><div class=\"fg-caption-inner\"><\/div><\/figcaption><\/figure><div class=\"fg-loader\"><\/div><\/div><div class=\"fg-item fg-type-image fg-loaded\"><figure class=\"fg-item-inner\"><a data-attachment-id=\"559\" data-type=\"image\" class=\"fg-thumb\"><span class=\"fg-image-wrap\"><img decoding=\"async\" src=\"https:\/\/hidrochama.com.br\/wp-content\/uploads\/cache\/2024\/11\/viamia\/3104287793.jpg\" width=\"150\" height=\"150\" class=\"skip-lazy fg-image\" loading=\"eager\"><\/span><span class=\"fg-image-overlay\"><\/span><\/a><figcaption class=\"fg-caption\"><div class=\"fg-caption-inner\"><\/div><\/figcaption><\/figure><div class=\"fg-loader\"><\/div><\/div><\/div>\r\n\n\n\n<div style=\"height:100px\" aria-hidden=\"true\" class=\"wp-block-spacer\"><\/div>\n","protected":false},"excerpt":{"rendered":"<p>Qualidade, Confiabilidade e Seguran\u00e7a em Servi\u00e7os de Combate a Inc\u00eandio Localizada no Rio de Janeiro na cidade de S\u00e3o Gon\u00e7alo, a empresa \u00e9 refer\u00eancia na \u00e1rea de preven\u00e7\u00e3o e combate a inc\u00eandio. Contamos com uma grande equipe especializada para atender todas as \u00e1reas. Temos engenheiros, t\u00e9cnicos especializados, bombeiros, entre outros. Nosso estoque s\u00e3o de materiais [&hellip;]<\/p>\n","protected":false},"author":1,"featured_media":0,"parent":0,"menu_order":0,"comment_status":"closed","ping_status":"closed","template":"page-template\/ibtana-page-template.php","meta":{"footnotes":""},"class_list":["post-13","page","type-page","status-publish","hentry"],"_links":{"self":[{"href":"https:\/\/hidrochama.com.br\/index.php?rest_route=\/wp\/v2\/pages\/13"}],"collection":[{"href":"https:\/\/hidrochama.com.br\/index.php?rest_route=\/wp\/v2\/pages"}],"about":[{"href":"https:\/\/hidrochama.com.br\/index.php?rest_route=\/wp\/v2\/types\/page"}],"author":[{"embeddable":true,"href":"https:\/\/hidrochama.com.br\/index.php?rest_route=\/wp\/v2\/users\/1"}],"replies":[{"embeddable":true,"href":"https:\/\/hidrochama.com.br\/index.php?rest_route=%2Fwp%2Fv2%2Fcomments&post=13"}],"version-history":[{"count":266,"href":"https:\/\/hidrochama.com.br\/index.php?rest_route=\/wp\/v2\/pages\/13\/revisions"}],"predecessor-version":[{"id":605,"href":"https:\/\/hidrochama.com.br\/index.php?rest_route=\/wp\/v2\/pages\/13\/revisions\/605"}],"wp:attachment":[{"href":"https:\/\/hidrochama.com.br\/index.php?rest_route=%2Fwp%2Fv2%2Fmedia&parent=13"}],"curies":[{"name":"wp","href":"https:\/\/api.w.org\/{rel}","templated":true}]}}